{"id":24,"date":"2011-07-19T16:32:33","date_gmt":"2011-07-19T16:32:33","guid":{"rendered":"https:\/\/wildlifepreservation.ca\/?page_id=8"},"modified":"2016-12-01T14:49:47","modified_gmt":"2016-12-01T19:49:47","slug":"programme-noe-au-canada","status":"publish","type":"page","link":"https:\/\/wildlifepreservation.ca\/fr\/qui-nous-sommes\/people\/programme-noe-au-canada\/","title":{"rendered":"Programme No\u00e9 au Canada"},"content":{"rendered":"<p>[et_pb_section admin_label=\u00a0\u00bbsection\u00a0\u00bb][et_pb_row admin_label=\u00a0\u00bbRow\u00a0\u00bb][et_pb_column type=\u00a0\u00bb1_4&Prime;][et_pb_sidebar admin_label=\u00a0\u00bbSidebar\u00a0\u00bb orientation=\u00a0\u00bbleft\u00a0\u00bb area=\u00a0\u00bbet_pb_widget_area_8&Prime; background_layout=\u00a0\u00bblight\u00a0\u00bb remove_border=\u00a0\u00bboff\u00a0\u00bb disabled=\u00a0\u00bboff\u00a0\u00bb disabled_on=\u00a0\u00bbon||\u00a0\u00bb] [\/et_pb_sidebar][\/et_pb_column][et_pb_column type=\u00a0\u00bb3_4&Prime;][et_pb_image admin_label=\u00a0\u00bbImage\u00a0\u00bb src=\u00a0\u00bbhttps:\/\/wildlifepreservation.ca\/fr\/wp-content\/uploads\/2011\/07\/Canadas-new-noah.jpg\u00a0\u00bb show_in_lightbox=\u00a0\u00bboff\u00a0\u00bb url_new_window=\u00a0\u00bboff\u00a0\u00bb use_overlay=\u00a0\u00bboff\u00a0\u00bb animation=\u00a0\u00bbleft\u00a0\u00bb sticky=\u00a0\u00bboff\u00a0\u00bb align=\u00a0\u00bbleft\u00a0\u00bb force_fullwidth=\u00a0\u00bboff\u00a0\u00bb always_center_on_mobile=\u00a0\u00bbon\u00a0\u00bb use_border_color=\u00a0\u00bboff\u00a0\u00bb border_color=\u00a0\u00bb#ffffff\u00a0\u00bb border_style=\u00a0\u00bbsolid\u00a0\u00bb] [\/et_pb_image][et_pb_text admin_label=\u00a0\u00bbText\u00a0\u00bb background_layout=\u00a0\u00bblight\u00a0\u00bb text_orientation=\u00a0\u00bbleft\u00a0\u00bb use_border_color=\u00a0\u00bboff\u00a0\u00bb border_color=\u00a0\u00bb#ffffff\u00a0\u00bb border_style=\u00a0\u00bbsolid\u00a0\u00bb custom_margin=\u00a0\u00bb||-30px|\u00a0\u00bb]<\/p>\n<h1>Programme No\u00e9 au Canada<\/h1>\n<p>Depuis 1990, le programme No\u00e9 au Canada offre \u00e0 de jeunes biologistes canadiens une occasion unique. Chaque ann\u00e9e, Conservation de la faune au Canada choisit, \u00e0 partir de dizaines de candidatures provenant de toutes les r\u00e9gions du pays, un \u00e9tudiant de cycle sup\u00e9rieur et lui offre un stage convoit\u00e9 \u00e0 l\u2019\u00eele tropicale de Maurice, dans la partie occidentale de l\u2019oc\u00e9an Indien.<\/p>\n<p>Le candidat choisi re\u00e7oit des enseignements th\u00e9oriques intensifs pendant quatre semaines suivis d\u2019un stage de 12 semaines dans une \u00e9quipe de r\u00e9tablissement d\u2019esp\u00e8ces et d\u2019habitats dont la mission est de sauvegarder les esp\u00e8ces de l\u2019\u00eele Maurice et des \u00eeles environnantes.<\/p>\n<p>[\/et_pb_text][\/et_pb_column][\/et_pb_row][\/et_pb_section][et_pb_section admin_label=\u00a0\u00bbSection\u00a0\u00bb fullwidth=\u00a0\u00bboff\u00a0\u00bb specialty=\u00a0\u00bbon\u00a0\u00bb][et_pb_column type=\u00a0\u00bb1_4&Prime;][\/et_pb_column][et_pb_column type=\u00a0\u00bb3_4&Prime; specialty_columns=\u00a0\u00bb3&Prime;][et_pb_row_inner admin_label=\u00a0\u00bbRow\u00a0\u00bb][et_pb_column_inner type=\u00a0\u00bb1_2&Prime; saved_specialty_column_type=\u00a0\u00bb3_4&Prime;][et_pb_blurb admin_label=\u00a0\u00bbBlurb\u00a0\u00bb title=\u00a0\u00bb Cr\u00e9cerelle de Maurice\u00a0\u00bb url_new_window=\u00a0\u00bboff\u00a0\u00bb use_icon=\u00a0\u00bboff\u00a0\u00bb icon_color=\u00a0\u00bb#83a56a\u00a0\u00bb use_circle=\u00a0\u00bboff\u00a0\u00bb circle_color=\u00a0\u00bb#83a56a\u00a0\u00bb use_circle_border=\u00a0\u00bboff\u00a0\u00bb circle_border_color=\u00a0\u00bb#83a56a\u00a0\u00bb image=\u00a0\u00bbhttps:\/\/wildlifepreservation.ca\/fr\/wp-content\/uploads\/2011\/09\/Mauritius-kestrels.jpg\u00a0\u00bb icon_placement=\u00a0\u00bbtop\u00a0\u00bb animation=\u00a0\u00bbtop\u00a0\u00bb background_layout=\u00a0\u00bblight\u00a0\u00bb text_orientation=\u00a0\u00bbleft\u00a0\u00bb use_icon_font_size=\u00a0\u00bboff\u00a0\u00bb use_border_color=\u00a0\u00bboff\u00a0\u00bb border_color=\u00a0\u00bb#ffffff\u00a0\u00bb border_style=\u00a0\u00bbsolid\u00a0\u00bb url=\u00a0\u00bbhttps:\/\/wildlifepreservation.ca\/fr\/crecerelle-de-maurice\/\u00a0\u00bb] [\/et_pb_blurb][\/et_pb_column_inner][et_pb_column_inner type=\u00a0\u00bb1_2&Prime; saved_specialty_column_type=\u00a0\u00bb3_4&Prime;][et_pb_blurb admin_label=\u00a0\u00bbBlurb\u00a0\u00bb title=\u00a0\u00bbLes No\u00e9s au Canada\u00a0\u00bb url_new_window=\u00a0\u00bboff\u00a0\u00bb use_icon=\u00a0\u00bboff\u00a0\u00bb icon_color=\u00a0\u00bb#83a56a\u00a0\u00bb use_circle=\u00a0\u00bboff\u00a0\u00bb circle_color=\u00a0\u00bb#83a56a\u00a0\u00bb use_circle_border=\u00a0\u00bboff\u00a0\u00bb circle_border_color=\u00a0\u00bb#83a56a\u00a0\u00bb image=\u00a0\u00bbhttps:\/\/wildlifepreservation.ca\/fr\/wp-content\/uploads\/2011\/07\/past-cnn.jpg\u00a0\u00bb icon_placement=\u00a0\u00bbtop\u00a0\u00bb animation=\u00a0\u00bbtop\u00a0\u00bb background_layout=\u00a0\u00bblight\u00a0\u00bb text_orientation=\u00a0\u00bbleft\u00a0\u00bb use_icon_font_size=\u00a0\u00bboff\u00a0\u00bb use_border_color=\u00a0\u00bboff\u00a0\u00bb border_color=\u00a0\u00bb#ffffff\u00a0\u00bb border_style=\u00a0\u00bbsolid\u00a0\u00bb url=\u00a0\u00bbhttps:\/\/wildlifepreservation.ca\/fr\/les-noes-au-canada\/\u00a0\u00bb] [\/et_pb_blurb][\/et_pb_column_inner][\/et_pb_row_inner][et_pb_row_inner admin_label=\u00a0\u00bbRow\u00a0\u00bb padding_mobile=\u00a0\u00bboff\u00a0\u00bb use_custom_gutter=\u00a0\u00bboff\u00a0\u00bb column_padding_mobile=\u00a0\u00bbon\u00a0\u00bb custom_margin=\u00a0\u00bb-35px|||\u00a0\u00bb make_equal=\u00a0\u00bboff\u00a0\u00bb parallax_1=\u00a0\u00bboff\u00a0\u00bb parallax_method_1=\u00a0\u00bboff\u00a0\u00bb][et_pb_column_inner type=\u00a0\u00bb4_4&Prime; saved_specialty_column_type=\u00a0\u00bb3_4&Prime;][et_pb_text admin_label=\u00a0\u00bbText\u00a0\u00bb background_layout=\u00a0\u00bblight\u00a0\u00bb text_orientation=\u00a0\u00bbleft\u00a0\u00bb use_border_color=\u00a0\u00bboff\u00a0\u00bb border_color=\u00a0\u00bb#ffffff\u00a0\u00bb border_style=\u00a0\u00bbsolid\u00a0\u00bb]<\/p>\n<p>Les dipl\u00f4m\u00e9s re\u00e7oivent le <a href=\"https:\/\/www.kent.ac.uk\/sac\/studying\/programmes\/pgt\/MSc\/pgdip_endangered_species_recovery.html\">Dipl\u00f4me d\u2019\u00e9tudes sup\u00e9rieures Durrell dans le domaine du r\u00e9tablissement des esp\u00e8ces en voie de disparition<\/a> (en anglais). Cette bourse couvre les frais de voyage et de d\u00e9placement, de subsistance et de formation.<\/p>\n<p>Le programme comble une lacune \u00e9ducative pr\u00e9sente dans le pays en offrant une formation pratique et de l\u2019exp\u00e9rience de terrain en gestion de projets de conservation d\u2019esp\u00e8ces sauvages et d\u2019esp\u00e8ces en voie de disparition. Gr\u00e2ce \u00e0 ce programme, les participants acqui\u00e8rent les comp\u00e9tences multidisciplinaires n\u00e9cessaires pour mettre sur pied leurs propres programmes de r\u00e9tablissement d\u2019esp\u00e8ces.<\/p>\n<h3><strong>Objectifs du programme<\/strong><\/h3>\n<ul>\n<li>Former de jeunes biologistes canadiens aux techniques de reproduction d\u2019esp\u00e8ces en voie de disparition en environnements contr\u00f4l\u00e9s, de r\u00e9introduction dans la nature et de gestion des populations sauvages.<\/li>\n<li>Offrir \u00e0 de jeunes biologistes canadiens une exp\u00e9rience de terrain dans le cadre de projets de conservation <em>in situ<\/em> compl\u00e9mentant leur formation universitaire.<\/li>\n<li>Cr\u00e9er un r\u00e9seau de biologistes canadiens comp\u00e9tents dans le domaine de la conservation, qui s\u2019int\u00e9ressent notamment aux esp\u00e8ces en voie de disparition et menac\u00e9es.<\/li>\n<li>Sensibiliser le public canadien \u00e0 la situation des esp\u00e8ces en voie de disparition et aux progr\u00e8s r\u00e9alis\u00e9s \u00e0 la suite des efforts d\u00e9ploy\u00e9s pour les sauvegarder.<\/li>\n<\/ul>\n<h3><strong>Ce qu\u2019en disent les participants<\/strong><\/h3>\n<blockquote><p>\u00ab\u00a0L\u2019une des ann\u00e9es les plus m\u00e9morables \u00e0 ce jour dans ma carri\u00e8re de biologiste sp\u00e9cialis\u00e9e en conservation des esp\u00e8ces en voie de disparition.\u00a0\u00bb<br \/>\n\u2013 Natasha Lloyd, Programme No\u00e9 au Canada, 2006<br \/>\n<em>Sp\u00e9cialiste de niveau sup\u00e9rieur dans le domaine de la recherche en conservation au Centre de recherche en conservation de la Soci\u00e9t\u00e9 zoologique de Calgary<\/em><\/p><\/blockquote>\n<blockquote><p>\u00ab\u00a0L\u2019une des exp\u00e9riences les plus importantes et les plus significatives de ma carri\u00e8re en conservation.\u00a0\u00bb<br \/>\n\u2013 Myles Lamont, Programme No\u00e9 au Canada, 2013<br \/>\n<em>Technicien de la faune, gouvernement du Nunavut, directeur de l\u2019agence-conseil TerraFauna Wildlife Consulting<\/em><\/p><\/blockquote>\n<blockquote><p>\u00ab\u00a0Un point tournant dans ma carri\u00e8re. Cette exp\u00e9rience m\u2019a fa\u00e7onn\u00e9 non seulement comme professionnel mais aussi comme personne.\u00a0\u00bb<br \/>\n\u2013 Dave Stepnisky, Programme No\u00e9 au Canada, 1998<br \/>\n<em>Cadre sup\u00e9rieur \u00e0 la section habitat du poisson et autres esp\u00e8ces sauvages, minist\u00e8re de l\u2019Environnement et du D\u00e9veloppement des ressources durables de l\u2019Alberta <\/em><\/p><\/blockquote>\n<h3><strong>Processus de candidature<\/strong><\/h3>\n<p>Nous faisons un appel de candidatures par ann\u00e9e. Le prochain aura lieu en septembre 2017, avec pour date limite le 15 novembre. Voici quelques exemples de documents de candidatures tir\u00e9s des ann\u00e9es ant\u00e9rieures, \u00e0 titre de r\u00e9f\u00e9rence seulement. Les formulaires 2017 seront disponibles \u00e0 compter de septembre.<\/p>\n<ul>\n<li><a href=\"https:\/\/wildlifepreservation.ca\/2016\/wp-content\/uploads\/2016\/11\/2016-CNN-Description.pdf\">Description<\/a> (en anglais)<\/li>\n<li><a href=\"https:\/\/wildlifepreservation.ca\/2016\/wp-content\/uploads\/2016\/11\/2016-CNN-Instructions-for-References.pdf\">Envoi des candidatures<\/a> (en anglais)<\/li>\n<li><a href=\"https:\/\/wildlifepreservation.ca\/2016\/wp-content\/uploads\/2016\/11\/2016_CNN_Application.pdf\">Formulaire de r\u00e9f\u00e9rences<\/a> (en anglais)<\/li>\n<\/ul>\n<p><strong><em>Aidez-nous \u00e0 sauvegarder les esp\u00e8ces mauriciennes en voie de disparition et \u00e0 former une nouvelle g\u00e9n\u00e9ration de biologistes canadiens qui ma\u00eetriseront les techniques de conservation, qu\u2019ils pourront mettre en pratique dans ce pays et au Canada. <\/em><\/strong><\/p>\n<p><strong><em><a href=\"https:\/\/wildlifepreservation.ca\/fr\/pour-faire-un-don\/pour-faire-un-don\/faites-un-don\/\">Appuyez<\/a> d\u00e8s aujourd\u2019hui le programme No\u00e9 au Canada de Conservation de la faune au Canada.<\/em><\/strong><\/p>\n<h3><strong>Recherches<\/strong><\/h3>\n<p>Bednarczuk, E., C. J. Feare, S. Lovibond, V. Tatayah, et C. Jones.\u00a0 2010.\u00a0 Attempted eradication of house sparrows <em>Passer domesticus<\/em> from Round Island (Mauritius), Indian Ocean.\u00a0 <em>Conservation Evidence<\/em> 7: 75-86.<\/p>\n<p>Imlay, T., R. Dale, S. Buckland, C. Jones, et N. Cole.\u00a0 2012.\u00a0 A novel approach to counting geckos:\u00a0 <em>Phelsuma<\/em> density in Mauritius forests.\u00a0 <em>Herpetological Review <\/em>43 (3): 391-396.<\/p>\n<p>Lamont, M. M.\u00a0 2016. Territorial and courtship displays of Mauritius Cuckooshrike <em>Lalage typical<\/em>.\u00a0 <em>Bulletin of the British Ornithologists&rsquo; Club<\/em> 136 (2): 147-149.<\/p>\n<p>Moldowan, P. D., J. A. Copsey, N. Zu\u00ebl, V. Tatayah, et N. Cole.\u00a0 2016. Sticks and stones:\u00a0 notes on the ecology and conservation of an endemic stick insect (<em>Apterograeffea marshallae<\/em>) and the restoration of an island ecosystem.\u00a0 <em>Phelsuma<\/em> 24: 72-79.<\/p>\n<p>&nbsp;<\/p>\n<p>[\/et_pb_text][\/et_pb_column_inner][\/et_pb_row_inner][et_pb_row_inner admin_label=\u00a0\u00bbRow\u00a0\u00bb][et_pb_column_inner type=\u00a0\u00bb1_3&Prime; saved_specialty_column_type=\u00a0\u00bb3_4&Prime;][\/et_pb_column_inner][et_pb_column_inner type=\u00a0\u00bb1_3&Prime; saved_specialty_column_type=\u00a0\u00bb3_4&Prime;][\/et_pb_column_inner][et_pb_column_inner type=\u00a0\u00bb1_3&Prime; saved_specialty_column_type=\u00a0\u00bb3_4&Prime;][\/et_pb_column_inner][\/et_pb_row_inner][\/et_pb_column][\/et_pb_section]<\/p>\n","protected":false},"excerpt":{"rendered":"<p>[et_pb_section admin_label=\u00a0\u00bbsection\u00a0\u00bb][et_pb_row admin_label=\u00a0\u00bbRow\u00a0\u00bb][et_pb_column type=\u00a0\u00bb1_4&Prime;][et_pb_sidebar admin_label=\u00a0\u00bbSidebar\u00a0\u00bb orientation=\u00a0\u00bbleft\u00a0\u00bb area=\u00a0\u00bbet_pb_widget_area_8&Prime; background_layout=\u00a0\u00bblight\u00a0\u00bb remove_border=\u00a0\u00bboff\u00a0\u00bb disabled=\u00a0\u00bboff\u00a0\u00bb disabled_on=\u00a0\u00bbon||\u00a0\u00bb] [\/et_pb_sidebar][\/et_pb_column][et_pb_column type=\u00a0\u00bb3_4&Prime;][et_pb_image admin_label=\u00a0\u00bbImage\u00a0\u00bb src=\u00a0\u00bbhttps:\/\/wildlifepreservation.ca\/fr\/wp-content\/uploads\/2011\/07\/Canadas-new-noah.jpg\u00a0\u00bb show_in_lightbox=\u00a0\u00bboff\u00a0\u00bb url_new_window=\u00a0\u00bboff\u00a0\u00bb use_overlay=\u00a0\u00bboff\u00a0\u00bb animation=\u00a0\u00bbleft\u00a0\u00bb sticky=\u00a0\u00bboff\u00a0\u00bb align=\u00a0\u00bbleft\u00a0\u00bb force_fullwidth=\u00a0\u00bboff\u00a0\u00bb always_center_on_mobile=\u00a0\u00bbon\u00a0\u00bb use_border_color=\u00a0\u00bboff\u00a0\u00bb border_color=\u00a0\u00bb#ffffff\u00a0\u00bb border_style=\u00a0\u00bbsolid\u00a0\u00bb] [\/et_pb_image][et_pb_text admin_label=\u00a0\u00bbText\u00a0\u00bb background_layout=\u00a0\u00bblight\u00a0\u00bb text_orientation=\u00a0\u00bbleft\u00a0\u00bb use_border_color=\u00a0\u00bboff\u00a0\u00bb border_color=\u00a0\u00bb#ffffff\u00a0\u00bb border_style=\u00a0\u00bbsolid\u00a0\u00bb custom_margin=\u00a0\u00bb||-30px|\u00a0\u00bb] Programme No\u00e9 au Canada Depuis 1990, le programme No\u00e9 au Canada offre \u00e0 de jeunes biologistes canadiens une occasion unique. Chaque [&hellip;]<\/p>\n","protected":false},"author":1,"featured_media":3731,"parent":46,"menu_order":2,"comment_status":"closed","ping_status":"closed","template":"","meta":{"inline_featured_image":false,"_mc_calendar":[],"footnotes":""},"class_list":["post-24","page","type-page","status-publish","has-post-thumbnail","hentry"],"yoast_head":"<!-- This site is optimized with the Yoast SEO plugin v26.1.1 - https:\/\/yoast.com\/wordpress\/plugins\/seo\/ -->\n<title>Programme No\u00e9 au Canada - Conservation de la Faune au Canada<\/title>\n<meta name=\"robots\" content=\"index, follow, max-snippet:-1, max-image-preview:large, max-video-preview:-1\" \/>\n<link rel=\"canonical\" href=\"https:\/\/wildlifepreservation.ca\/fr\/qui-nous-sommes\/people\/programme-noe-au-canada\/\" \/>\n<meta property=\"og:locale\" content=\"fr_CA\" \/>\n<meta property=\"og:type\" content=\"article\" \/>\n<meta property=\"og:title\" content=\"Programme No\u00e9 au Canada - Conservation de la Faune au Canada\" \/>\n<meta property=\"og:description\" content=\"[et_pb_section admin_label=\u00a0\u00bbsection\u00a0\u00bb][et_pb_row admin_label=\u00a0\u00bbRow\u00a0\u00bb][et_pb_column type=\u00a0\u00bb1_4&Prime;][et_pb_sidebar admin_label=\u00a0\u00bbSidebar\u00a0\u00bb orientation=\u00a0\u00bbleft\u00a0\u00bb area=\u00a0\u00bbet_pb_widget_area_8&Prime; background_layout=\u00a0\u00bblight\u00a0\u00bb remove_border=\u00a0\u00bboff\u00a0\u00bb disabled=\u00a0\u00bboff\u00a0\u00bb disabled_on=\u00a0\u00bbon||\u00a0\u00bb] [\/et_pb_sidebar][\/et_pb_column][et_pb_column type=\u00a0\u00bb3_4&Prime;][et_pb_image admin_label=\u00a0\u00bbImage\u00a0\u00bb src=\u00a0\u00bbhttps:\/\/wildlifepreservation.ca\/fr\/wp-content\/uploads\/2011\/07\/Canadas-new-noah.jpg\u00a0\u00bb show_in_lightbox=\u00a0\u00bboff\u00a0\u00bb url_new_window=\u00a0\u00bboff\u00a0\u00bb use_overlay=\u00a0\u00bboff\u00a0\u00bb animation=\u00a0\u00bbleft\u00a0\u00bb sticky=\u00a0\u00bboff\u00a0\u00bb align=\u00a0\u00bbleft\u00a0\u00bb force_fullwidth=\u00a0\u00bboff\u00a0\u00bb always_center_on_mobile=\u00a0\u00bbon\u00a0\u00bb use_border_color=\u00a0\u00bboff\u00a0\u00bb border_color=\u00a0\u00bb#ffffff\u00a0\u00bb border_style=\u00a0\u00bbsolid\u00a0\u00bb] [\/et_pb_image][et_pb_text admin_label=\u00a0\u00bbText\u00a0\u00bb background_layout=\u00a0\u00bblight\u00a0\u00bb text_orientation=\u00a0\u00bbleft\u00a0\u00bb use_border_color=\u00a0\u00bboff\u00a0\u00bb border_color=\u00a0\u00bb#ffffff\u00a0\u00bb border_style=\u00a0\u00bbsolid\u00a0\u00bb custom_margin=\u00a0\u00bb||-30px|\u00a0\u00bb] Programme No\u00e9 au Canada Depuis 1990, le programme No\u00e9 au Canada offre \u00e0 de jeunes biologistes canadiens une occasion unique. Chaque [&hellip;]\" \/>\n<meta property=\"og:url\" content=\"https:\/\/wildlifepreservation.ca\/fr\/qui-nous-sommes\/people\/programme-noe-au-canada\/\" \/>\n<meta property=\"og:site_name\" content=\"Conservation de la Faune au Canada\" \/>\n<meta property=\"article:modified_time\" content=\"2016-12-01T19:49:47+00:00\" \/>\n<meta name=\"twitter:card\" content=\"summary_large_image\" \/>\n<meta name=\"twitter:label1\" content=\"Estimation du temps de lecture\" \/>\n\t<meta name=\"twitter:data1\" content=\"6 minutes\" \/>\n<script type=\"application\/ld+json\" class=\"yoast-schema-graph\">{\"@context\":\"https:\/\/schema.org\",\"@graph\":[{\"@type\":\"WebPage\",\"@id\":\"https:\/\/wildlifepreservation.ca\/fr\/qui-nous-sommes\/people\/programme-noe-au-canada\/\",\"url\":\"https:\/\/wildlifepreservation.ca\/fr\/qui-nous-sommes\/people\/programme-noe-au-canada\/\",\"name\":\"Programme No\u00e9 au Canada - Conservation de la Faune au Canada\",\"isPartOf\":{\"@id\":\"https:\/\/wildlifepreservation.ca\/fr\/#website\"},\"primaryImageOfPage\":{\"@id\":\"https:\/\/wildlifepreservation.ca\/fr\/qui-nous-sommes\/people\/programme-noe-au-canada\/#primaryimage\"},\"image\":{\"@id\":\"https:\/\/wildlifepreservation.ca\/fr\/qui-nous-sommes\/people\/programme-noe-au-canada\/#primaryimage\"},\"thumbnailUrl\":\"\",\"datePublished\":\"2011-07-19T16:32:33+00:00\",\"dateModified\":\"2016-12-01T19:49:47+00:00\",\"breadcrumb\":{\"@id\":\"https:\/\/wildlifepreservation.ca\/fr\/qui-nous-sommes\/people\/programme-noe-au-canada\/#breadcrumb\"},\"inLanguage\":\"fr-CA\",\"potentialAction\":[{\"@type\":\"ReadAction\",\"target\":[\"https:\/\/wildlifepreservation.ca\/fr\/qui-nous-sommes\/people\/programme-noe-au-canada\/\"]}]},{\"@type\":\"ImageObject\",\"inLanguage\":\"fr-CA\",\"@id\":\"https:\/\/wildlifepreservation.ca\/fr\/qui-nous-sommes\/people\/programme-noe-au-canada\/#primaryimage\",\"url\":\"\",\"contentUrl\":\"\"},{\"@type\":\"BreadcrumbList\",\"@id\":\"https:\/\/wildlifepreservation.ca\/fr\/qui-nous-sommes\/people\/programme-noe-au-canada\/#breadcrumb\",\"itemListElement\":[{\"@type\":\"ListItem\",\"position\":1,\"name\":\"Qui nous sommes\",\"item\":\"https:\/\/wildlifepreservation.ca\/fr\/qui-nous-sommes\/\"},{\"@type\":\"ListItem\",\"position\":2,\"name\":\"People\",\"item\":\"https:\/\/wildlifepreservation.ca\/fr\/qui-nous-sommes\/people\/\"},{\"@type\":\"ListItem\",\"position\":3,\"name\":\"Programme No\u00e9 au Canada\"}]},{\"@type\":\"WebSite\",\"@id\":\"https:\/\/wildlifepreservation.ca\/fr\/#website\",\"url\":\"https:\/\/wildlifepreservation.ca\/fr\/\",\"name\":\"Conservation de la Faune au Canada\",\"description\":\"Le programme canadien de soins intensifs pour les esp\u00e8ces en p\u00e9ril, depuis 1985\",\"potentialAction\":[{\"@type\":\"SearchAction\",\"target\":{\"@type\":\"EntryPoint\",\"urlTemplate\":\"https:\/\/wildlifepreservation.ca\/fr\/?s={search_term_string}\"},\"query-input\":{\"@type\":\"PropertyValueSpecification\",\"valueRequired\":true,\"valueName\":\"search_term_string\"}}],\"inLanguage\":\"fr-CA\"}]}<\/script>\n<!-- \/ Yoast SEO plugin. -->","yoast_head_json":{"title":"Programme No\u00e9 au Canada - Conservation de la Faune au Canada","robots":{"index":"index","follow":"follow","max-snippet":"max-snippet:-1","max-image-preview":"max-image-preview:large","max-video-preview":"max-video-preview:-1"},"canonical":"https:\/\/wildlifepreservation.ca\/fr\/qui-nous-sommes\/people\/programme-noe-au-canada\/","og_locale":"fr_CA","og_type":"article","og_title":"Programme No\u00e9 au Canada - Conservation de la Faune au Canada","og_description":"[et_pb_section admin_label=\u00a0\u00bbsection\u00a0\u00bb][et_pb_row admin_label=\u00a0\u00bbRow\u00a0\u00bb][et_pb_column type=\u00a0\u00bb1_4&Prime;][et_pb_sidebar admin_label=\u00a0\u00bbSidebar\u00a0\u00bb orientation=\u00a0\u00bbleft\u00a0\u00bb area=\u00a0\u00bbet_pb_widget_area_8&Prime; background_layout=\u00a0\u00bblight\u00a0\u00bb remove_border=\u00a0\u00bboff\u00a0\u00bb disabled=\u00a0\u00bboff\u00a0\u00bb disabled_on=\u00a0\u00bbon||\u00a0\u00bb] [\/et_pb_sidebar][\/et_pb_column][et_pb_column type=\u00a0\u00bb3_4&Prime;][et_pb_image admin_label=\u00a0\u00bbImage\u00a0\u00bb src=\u00a0\u00bbhttps:\/\/wildlifepreservation.ca\/fr\/wp-content\/uploads\/2011\/07\/Canadas-new-noah.jpg\u00a0\u00bb show_in_lightbox=\u00a0\u00bboff\u00a0\u00bb url_new_window=\u00a0\u00bboff\u00a0\u00bb use_overlay=\u00a0\u00bboff\u00a0\u00bb animation=\u00a0\u00bbleft\u00a0\u00bb sticky=\u00a0\u00bboff\u00a0\u00bb align=\u00a0\u00bbleft\u00a0\u00bb force_fullwidth=\u00a0\u00bboff\u00a0\u00bb always_center_on_mobile=\u00a0\u00bbon\u00a0\u00bb use_border_color=\u00a0\u00bboff\u00a0\u00bb border_color=\u00a0\u00bb#ffffff\u00a0\u00bb border_style=\u00a0\u00bbsolid\u00a0\u00bb] [\/et_pb_image][et_pb_text admin_label=\u00a0\u00bbText\u00a0\u00bb background_layout=\u00a0\u00bblight\u00a0\u00bb text_orientation=\u00a0\u00bbleft\u00a0\u00bb use_border_color=\u00a0\u00bboff\u00a0\u00bb border_color=\u00a0\u00bb#ffffff\u00a0\u00bb border_style=\u00a0\u00bbsolid\u00a0\u00bb custom_margin=\u00a0\u00bb||-30px|\u00a0\u00bb] Programme No\u00e9 au Canada Depuis 1990, le programme No\u00e9 au Canada offre \u00e0 de jeunes biologistes canadiens une occasion unique. Chaque [&hellip;]","og_url":"https:\/\/wildlifepreservation.ca\/fr\/qui-nous-sommes\/people\/programme-noe-au-canada\/","og_site_name":"Conservation de la Faune au Canada","article_modified_time":"2016-12-01T19:49:47+00:00","twitter_card":"summary_large_image","twitter_misc":{"Estimation du temps de lecture":"6 minutes"},"schema":{"@context":"https:\/\/schema.org","@graph":[{"@type":"WebPage","@id":"https:\/\/wildlifepreservation.ca\/fr\/qui-nous-sommes\/people\/programme-noe-au-canada\/","url":"https:\/\/wildlifepreservation.ca\/fr\/qui-nous-sommes\/people\/programme-noe-au-canada\/","name":"Programme No\u00e9 au Canada - Conservation de la Faune au Canada","isPartOf":{"@id":"https:\/\/wildlifepreservation.ca\/fr\/#website"},"primaryImageOfPage":{"@id":"https:\/\/wildlifepreservation.ca\/fr\/qui-nous-sommes\/people\/programme-noe-au-canada\/#primaryimage"},"image":{"@id":"https:\/\/wildlifepreservation.ca\/fr\/qui-nous-sommes\/people\/programme-noe-au-canada\/#primaryimage"},"thumbnailUrl":"","datePublished":"2011-07-19T16:32:33+00:00","dateModified":"2016-12-01T19:49:47+00:00","breadcrumb":{"@id":"https:\/\/wildlifepreservation.ca\/fr\/qui-nous-sommes\/people\/programme-noe-au-canada\/#breadcrumb"},"inLanguage":"fr-CA","potentialAction":[{"@type":"ReadAction","target":["https:\/\/wildlifepreservation.ca\/fr\/qui-nous-sommes\/people\/programme-noe-au-canada\/"]}]},{"@type":"ImageObject","inLanguage":"fr-CA","@id":"https:\/\/wildlifepreservation.ca\/fr\/qui-nous-sommes\/people\/programme-noe-au-canada\/#primaryimage","url":"","contentUrl":""},{"@type":"BreadcrumbList","@id":"https:\/\/wildlifepreservation.ca\/fr\/qui-nous-sommes\/people\/programme-noe-au-canada\/#breadcrumb","itemListElement":[{"@type":"ListItem","position":1,"name":"Qui nous sommes","item":"https:\/\/wildlifepreservation.ca\/fr\/qui-nous-sommes\/"},{"@type":"ListItem","position":2,"name":"People","item":"https:\/\/wildlifepreservation.ca\/fr\/qui-nous-sommes\/people\/"},{"@type":"ListItem","position":3,"name":"Programme No\u00e9 au Canada"}]},{"@type":"WebSite","@id":"https:\/\/wildlifepreservation.ca\/fr\/#website","url":"https:\/\/wildlifepreservation.ca\/fr\/","name":"Conservation de la Faune au Canada","description":"Le programme canadien de soins intensifs pour les esp\u00e8ces en p\u00e9ril, depuis 1985","potentialAction":[{"@type":"SearchAction","target":{"@type":"EntryPoint","urlTemplate":"https:\/\/wildlifepreservation.ca\/fr\/?s={search_term_string}"},"query-input":{"@type":"PropertyValueSpecification","valueRequired":true,"valueName":"search_term_string"}}],"inLanguage":"fr-CA"}]}},"_links":{"self":[{"href":"https:\/\/wildlifepreservation.ca\/fr\/wp-json\/wp\/v2\/pages\/24","targetHints":{"allow":["GET"]}}],"collection":[{"href":"https:\/\/wildlifepreservation.ca\/fr\/wp-json\/wp\/v2\/pages"}],"about":[{"href":"https:\/\/wildlifepreservation.ca\/fr\/wp-json\/wp\/v2\/types\/page"}],"author":[{"embeddable":true,"href":"https:\/\/wildlifepreservation.ca\/fr\/wp-json\/wp\/v2\/users\/1"}],"replies":[{"embeddable":true,"href":"https:\/\/wildlifepreservation.ca\/fr\/wp-json\/wp\/v2\/comments?post=24"}],"version-history":[{"count":0,"href":"https:\/\/wildlifepreservation.ca\/fr\/wp-json\/wp\/v2\/pages\/24\/revisions"}],"up":[{"embeddable":true,"href":"https:\/\/wildlifepreservation.ca\/fr\/wp-json\/wp\/v2\/pages\/46"}],"wp:featuredmedia":[{"embeddable":true,"href":"https:\/\/wildlifepreservation.ca\/fr\/wp-json\/"}],"wp:attachment":[{"href":"https:\/\/wildlifepreservation.ca\/fr\/wp-json\/wp\/v2\/media?parent=24"}],"curies":[{"name":"wp","href":"https:\/\/api.w.org\/{rel}","templated":true}]}}